{"id":12508,"date":"2022-03-08T12:13:02","date_gmt":"2022-03-08T12:13:02","guid":{"rendered":"https:\/\/ormada.pt\/politica-de-privacidade\/"},"modified":"2025-05-27T11:04:19","modified_gmt":"2025-05-27T11:04:19","slug":"privacy-policy","status":"publish","type":"page","link":"https:\/\/ormada.pt\/en\/privacy-policy\/","title":{"rendered":"Privacy Policy"},"content":{"rendered":"\t\t<div data-elementor-type=\"wp-page\" data-elementor-id=\"12508\" class=\"elementor elementor-12508 elementor-2516\">\n\t\t\t\t<div class=\"elementor-element elementor-element-4d6181fd e-con-full e-flex parallax_section_no qode_elementor_container_no e-con e-parent\" data-id=\"4d6181fd\" data-element_type=\"container\" data-settings=\"{&quot;background_background&quot;:&quot;classic&quot;}\">\n\t\t\t\t<\/div>\n\t\t\t\t<section class=\"elementor-section elementor-top-section elementor-element elementor-element-4d7be44 elementor-section-boxed elementor-section-height-default elementor-section-height-default parallax_section_no qode_elementor_container_no\" data-id=\"4d7be44\" data-element_type=\"section\">\n\t\t\t\t\t\t<div class=\"elementor-container elementor-column-gap-default\">\n\t\t\t\t\t<div class=\"elementor-column elementor-col-100 elementor-top-column elementor-element elementor-element-c9fa68f\" data-id=\"c9fa68f\" data-element_type=\"column\">\n\t\t\t<div class=\"elementor-widget-wrap elementor-element-populated\">\n\t\t\t\t\t\t<div class=\"elementor-element elementor-element-88e9729 page_content_title_container elementor-widget elementor-widget-text-editor\" data-id=\"88e9729\" data-element_type=\"widget\" data-widget_type=\"text-editor.default\">\n\t\t\t\t<div class=\"elementor-widget-container\">\n\t\t\t\t\t\t\t<h2 style=\"color: #c8915c;\">Privacy Policy<\/h2>\t\t\t\t\t\t<\/div>\n\t\t\t\t<\/div>\n\t\t\t\t<div class=\"elementor-element elementor-element-714253e information_page_text_container elementor-widget elementor-widget-text-editor\" data-id=\"714253e\" data-element_type=\"widget\" data-widget_type=\"text-editor.default\">\n\t\t\t\t<div class=\"elementor-widget-container\">\n\t\t\t\t\t\t\t<p style=\"text-align: left;\">Data of the entity responsible for the collection and processing of personal data:<\/p>\n<p style=\"text-align: left;\"><b>Ormada T\u00eaxteis e Im\u00f3veis Unipessoal, Lda.<br>\nRua da Cabreira, 286B, Apartado 3006 EC Pevid\u00e9m<br>\n4835-310 Guimar\u00e3es<br>\ninfo@ormada.pt<br>\n+351 911 988 777 <small>(Call to national mobile network)<\/small><\/b><\/p>\n<p style=\"text-align: justify;\">Access to and use of the website www.ormada.pt attributes the status of user to the visitor of the website and implies full and unreserved acceptance of the conditions of use in force at the time of use of the website.<\/p>\n<p style=\"text-align: justify;\">Ormada T\u00eaxteis e Im\u00f3veis Unipessoal, Lda. is committed to ensuring the privacy of all its customers, keeping their personal data confidential in compliance with applicable legislation (Data Protection Law No. 67\/98 of 26 October) and guaranteeing the right to access, rectify and cancel any data provided, in person or in writing.<\/p>\n<p style=\"text-align: justify;\">As the entity responsible for the collection and processing of personal data, Ormada T\u00eaxteis e Im\u00f3veis Unipessoal, Lda. will only provide the information strictly necessary to entities whose collaboration is essential to the provision of its service, especially transporters and financial institutions.<\/p>\n<p style=\"text-align: justify;\">If the user wishes to change, correct or delete their personal data, they can do so easily and free of charge with the person responsible for processing the data on the website www.ormada.pt, by email at info@ormada.pt, by telephone at +351 911 988 777 <small>(Call to the national mobile network)<\/small> or by letter to Rua da Cabreira, 286B, Apartado 3006 EC Pevid\u00e9m, 4835-310\u00a0Guimar\u00e3es.<\/p>\n<p style=\"text-align: justify;\">Ormada T\u00eaxteis e Im\u00f3veis Unipessoal, Lda. may collect the following personal information from users of its website through the corresponding forms: name, email address, postal address, telephone number, date of birth, gender, when the user visits the website www.ormada.pt, registers and places an order.<\/p>\n<p style=\"text-align: justify;\">The data collected will be used to process order requests, process returns, and contact the user in the event of any problems with the orders.<\/p>\n<p style=\"text-align: justify;\">Ormada T\u00eaxteis e Im\u00f3veis Unipessoal, Lda. will adopt all necessary measures to guarantee the security and integrity of users&#8217; personal data, as well as to prevent its loss, alteration and\/or access by unauthorized third parties.<\/p>\n<p style=\"text-align: justify;\">Ormada T\u00eaxteis e Im\u00f3veis Unipessoal, Lda. will not provide information relating to users&#8217; personal data to third parties, unless there is prior, express and unequivocal consent from the latter. However, Ormada T\u00eaxteis e Im\u00f3veis Unipessoal, Lda. may communicate users&#8217; personal data in order to fulfill the contracts entered into and to fulfill all commitments made to users.<\/p>\n<p style=\"text-align: justify;\">Although Ormada T\u00eaxteis e Im\u00f3veis Unipessoal, Lda. collects and processes data securely and prevents loss or manipulation, using the most advanced techniques for this purpose, we inform you that collection on an open network allows the circulation of personal data without security conditions, running the risk of being viewed and used by unauthorized third parties.<\/p>\n<p style=\"text-align: justify;\">Ormada T\u00eaxteis e Im\u00f3veis Unipessoal, Lda. is not responsible for any damages or losses resulting from a denial of service attack, viruses or any other technologically harmful or damaging program or material, which may affect the user&#8217;s computer, computer equipment, electronics, data or materials, as a result of the use of the website www.ormada.pt, or the downloading of content from it or the content to which it redirects.<\/p>\n<p style=\"text-align: justify;\">All elements, whether audio or visual, of the website www.ormada.pt, including the underlying technology, are protected by copyright, trademarks or patents.<\/p>\n<p style=\"text-align: justify;\">A user who has a personal website and wishes to place, for personal use, on his\/her website a simple direct link to the page www.ormada.pt, must request prior authorization from the company Ormada T\u00eaxteis e Im\u00f3veis Unipessoal, Lda..<\/p>\t\t\t\t\t\t<\/div>\n\t\t\t\t<\/div>\n\t\t\t\t\t<\/div>\n\t\t<\/div>\n\t\t\t\t\t<\/div>\n\t\t<\/section>\n\t\t\t\t<\/div>\n\t\t","protected":false},"excerpt":{"rendered":"<p>Privacy Policy Data of the entity responsible for the collection and processing of personal data: Ormada T\u00eaxteis e Im\u00f3veis Unipessoal, Lda. Rua da Cabreira, 286B, Apartado 3006 EC Pevid\u00e9m 4835-310 Guimar\u00e3es info@ormada.pt +351 911 988 777 (Call to national mobile network) Access to and use&#8230;<\/p>\n","protected":false},"author":1,"featured_media":0,"parent":0,"menu_order":0,"comment_status":"closed","ping_status":"closed","template":"full_width.php","meta":{"inline_featured_image":false,"footnotes":""},"class_list":["post-12508","page","type-page","status-publish","hentry"],"_links":{"self":[{"href":"https:\/\/ormada.pt\/en\/wp-json\/wp\/v2\/pages\/12508","targetHints":{"allow":["GET"]}}],"collection":[{"href":"https:\/\/ormada.pt\/en\/wp-json\/wp\/v2\/pages"}],"about":[{"href":"https:\/\/ormada.pt\/en\/wp-json\/wp\/v2\/types\/page"}],"author":[{"embeddable":true,"href":"https:\/\/ormada.pt\/en\/wp-json\/wp\/v2\/users\/1"}],"replies":[{"embeddable":true,"href":"https:\/\/ormada.pt\/en\/wp-json\/wp\/v2\/comments?post=12508"}],"version-history":[{"count":5,"href":"https:\/\/ormada.pt\/en\/wp-json\/wp\/v2\/pages\/12508\/revisions"}],"predecessor-version":[{"id":21142,"href":"https:\/\/ormada.pt\/en\/wp-json\/wp\/v2\/pages\/12508\/revisions\/21142"}],"wp:attachment":[{"href":"https:\/\/ormada.pt\/en\/wp-json\/wp\/v2\/media?parent=12508"}],"curies":[{"name":"wp","href":"https:\/\/api.w.org\/{rel}","templated":true}]}}