{"id":11693,"date":"2022-03-17T12:24:59","date_gmt":"2022-03-17T12:24:59","guid":{"rendered":"https:\/\/ormada.pt\/politica-de-cookies\/"},"modified":"2025-07-04T14:10:50","modified_gmt":"2025-07-04T14:10:50","slug":"politique-relative-aux-cookies","status":"publish","type":"page","link":"https:\/\/ormada.pt\/fr\/politique-relative-aux-cookies\/","title":{"rendered":"Politique relative aux Cookies"},"content":{"rendered":"\t\t<div data-elementor-type=\"wp-page\" data-elementor-id=\"11693\" class=\"elementor elementor-11693 elementor-3362\">\n\t\t\t\t<div class=\"elementor-element elementor-element-270a34d7 e-con-full e-flex parallax_section_no qode_elementor_container_no e-con e-parent\" data-id=\"270a34d7\" data-element_type=\"container\" data-settings=\"{&quot;background_background&quot;:&quot;classic&quot;}\">\n\t\t\t\t<\/div>\n\t\t\t\t<section class=\"elementor-section elementor-top-section elementor-element elementor-element-e4e3b2a elementor-section-boxed elementor-section-height-default elementor-section-height-default parallax_section_no qode_elementor_container_no\" data-id=\"e4e3b2a\" data-element_type=\"section\">\n\t\t\t\t\t\t<div class=\"elementor-container elementor-column-gap-default\">\n\t\t\t\t\t<div class=\"elementor-column elementor-col-100 elementor-top-column elementor-element elementor-element-5aa3fbe\" data-id=\"5aa3fbe\" data-element_type=\"column\">\n\t\t\t<div class=\"elementor-widget-wrap elementor-element-populated\">\n\t\t\t\t\t\t<div class=\"elementor-element elementor-element-1858244b page_content_title_container elementor-widget elementor-widget-text-editor\" data-id=\"1858244b\" data-element_type=\"widget\" data-widget_type=\"text-editor.default\">\n\t\t\t\t<div class=\"elementor-widget-container\">\n\t\t\t\t\t\t\t<h2 style=\"color: #c8915c;\">Politique relative aux Cookies<\/h2>\t\t\t\t\t\t<\/div>\n\t\t\t\t<\/div>\n\t\t\t\t<div class=\"elementor-element elementor-element-eeda20a information_page_text_container elementor-widget elementor-widget-text-editor\" data-id=\"eeda20a\" data-element_type=\"widget\" data-widget_type=\"text-editor.default\">\n\t\t\t\t<div class=\"elementor-widget-container\">\n\t\t\t\t\t\t\t<h4>Que sont les cookies\u00a0?<\/h4><p style=\"text-align: justify;\">Les \u00abcookies\u00bb sont de petites balises logicielles qui sont stock\u00e9es sur votre ordinateur via le navigateur, conservant uniquement les informations relatives \u00e0 vos pr\u00e9f\u00e9rences, n&rsquo;incluant pas, en tant que telles, vos donn\u00e9es personnelles.<\/p><h4>\u00c0 quoi servent les cookies\u00a0?<\/h4><p style=\"text-align: justify;\">Les cookies sont utilis\u00e9s pour am\u00e9liorer votre exp\u00e9rience de navigation en permettant une navigation plus rapide et plus efficace, \u00e9liminant ainsi le besoin de saisir \u00e0 plusieurs reprises les m\u00eames informations. De plus, les cookies permettent \u00e9galement une pr\u00e9vention plus efficace de la fraude.<\/p><h4>\u00c0 quoi servent les cookies\u00a0?<\/h4><p style=\"text-align: justify;\">Dans notre cas, nous utilisons des cookies aux fins suivantes\u00a0:<\/p><p style=\"text-align: justify;\"><strong>Cookies analytiques<\/strong> &#8211; Ils sont utilis\u00e9s de mani\u00e8re anonyme dans le but de cr\u00e9er et d&rsquo;analyser des statistiques, afin d&rsquo;am\u00e9liorer le fonctionnement du site Web.<\/p><p style=\"text-align: justify;\"><strong>Cookies de fonctionnalit\u00e9<\/strong> &#8211; Ils enregistrent les pr\u00e9f\u00e9rences de l&rsquo;utilisateur concernant l&rsquo;utilisation du site Web, de sorte qu&rsquo;il n&rsquo;est pas n\u00e9cessaire de reconfigurer le site Web \u00e0 chaque fois que vous le visitez.<\/p><p style=\"text-align: justify;\"><strong>Cookies tiers<\/strong> &#8211; Ils mesurent le succ\u00e8s des applications et l&rsquo;efficacit\u00e9 de la publicit\u00e9 tierce. Ils peuvent \u00e9galement \u00eatre utilis\u00e9s pour personnaliser un widget avec des donn\u00e9es utilisateur.<\/p><h4>Comment g\u00e9rer les cookies\u00a0?<\/h4><p style=\"text-align: justify;\">Tous les navigateurs permettent \u00e0 l&rsquo;utilisateur d&rsquo;accepter, de refuser ou de supprimer les cookies, notamment en s\u00e9lectionnant les param\u00e8tres appropri\u00e9s dans le navigateur respectif. Pour ce faire, vous pouvez effectuer les r\u00e9glages que vous jugez n\u00e9cessaires dans le menu \u00ab options \u00bb ou \u00ab pr\u00e9f\u00e9rences \u00bb. Veuillez noter cependant qu&rsquo;en d\u00e9sactivant les cookies, comme mentionn\u00e9 pr\u00e9c\u00e9demment, vous risquez d&#8217;emp\u00eacher certains services du site Web de fonctionner correctement, affectant partiellement ou totalement la navigation sur le site Web.<\/p>\t\t\t\t\t\t<\/div>\n\t\t\t\t<\/div>\n\t\t\t\t\t<\/div>\n\t\t<\/div>\n\t\t\t\t\t<\/div>\n\t\t<\/section>\n\t\t\t\t<\/div>\n\t\t","protected":false},"excerpt":{"rendered":"<p>Politique relative aux Cookies Que sont les cookies\u00a0? Les \u00abcookies\u00bb sont de petites balises logicielles qui sont stock\u00e9es sur votre ordinateur via le navigateur, conservant uniquement les informations relatives \u00e0 vos pr\u00e9f\u00e9rences, n&rsquo;incluant pas, en tant que telles, vos donn\u00e9es personnelles. \u00c0 quoi servent les&#8230;<\/p>\n","protected":false},"author":1,"featured_media":0,"parent":0,"menu_order":0,"comment_status":"closed","ping_status":"closed","template":"full_width.php","meta":{"inline_featured_image":false,"footnotes":""},"class_list":["post-11693","page","type-page","status-publish","hentry"],"_links":{"self":[{"href":"https:\/\/ormada.pt\/fr\/wp-json\/wp\/v2\/pages\/11693","targetHints":{"allow":["GET"]}}],"collection":[{"href":"https:\/\/ormada.pt\/fr\/wp-json\/wp\/v2\/pages"}],"about":[{"href":"https:\/\/ormada.pt\/fr\/wp-json\/wp\/v2\/types\/page"}],"author":[{"embeddable":true,"href":"https:\/\/ormada.pt\/fr\/wp-json\/wp\/v2\/users\/1"}],"replies":[{"embeddable":true,"href":"https:\/\/ormada.pt\/fr\/wp-json\/wp\/v2\/comments?post=11693"}],"version-history":[{"count":5,"href":"https:\/\/ormada.pt\/fr\/wp-json\/wp\/v2\/pages\/11693\/revisions"}],"predecessor-version":[{"id":21293,"href":"https:\/\/ormada.pt\/fr\/wp-json\/wp\/v2\/pages\/11693\/revisions\/21293"}],"wp:attachment":[{"href":"https:\/\/ormada.pt\/fr\/wp-json\/wp\/v2\/media?parent=11693"}],"curies":[{"name":"wp","href":"https:\/\/api.w.org\/{rel}","templated":true}]}}