{"id":12509,"date":"2022-03-08T12:13:02","date_gmt":"2022-03-08T12:13:02","guid":{"rendered":"https:\/\/ormada.pt\/politica-de-privacidade\/"},"modified":"2025-07-04T14:12:09","modified_gmt":"2025-07-04T14:12:09","slug":"politique-de-confidentialite","status":"publish","type":"page","link":"https:\/\/ormada.pt\/fr\/politique-de-confidentialite\/","title":{"rendered":"Politique de Confidentialit\u00e9"},"content":{"rendered":"\t\t<div data-elementor-type=\"wp-page\" data-elementor-id=\"12509\" class=\"elementor elementor-12509 elementor-2516\">\n\t\t\t\t<div class=\"elementor-element elementor-element-4d6181fd e-con-full e-flex parallax_section_no qode_elementor_container_no e-con e-parent\" data-id=\"4d6181fd\" data-element_type=\"container\" data-settings=\"{&quot;background_background&quot;:&quot;classic&quot;}\">\n\t\t\t\t<\/div>\n\t\t\t\t<section class=\"elementor-section elementor-top-section elementor-element elementor-element-4d7be44 elementor-section-boxed elementor-section-height-default elementor-section-height-default parallax_section_no qode_elementor_container_no\" data-id=\"4d7be44\" data-element_type=\"section\">\n\t\t\t\t\t\t<div class=\"elementor-container elementor-column-gap-default\">\n\t\t\t\t\t<div class=\"elementor-column elementor-col-100 elementor-top-column elementor-element elementor-element-c9fa68f\" data-id=\"c9fa68f\" data-element_type=\"column\">\n\t\t\t<div class=\"elementor-widget-wrap elementor-element-populated\">\n\t\t\t\t\t\t<div class=\"elementor-element elementor-element-88e9729 page_content_title_container elementor-widget elementor-widget-text-editor\" data-id=\"88e9729\" data-element_type=\"widget\" data-widget_type=\"text-editor.default\">\n\t\t\t\t<div class=\"elementor-widget-container\">\n\t\t\t\t\t\t\t<h2 style=\"color: #c8915c;\">Politique de Confidentialit\u00e9<\/h2>\t\t\t\t\t\t<\/div>\n\t\t\t\t<\/div>\n\t\t\t\t<div class=\"elementor-element elementor-element-714253e information_page_text_container elementor-widget elementor-widget-text-editor\" data-id=\"714253e\" data-element_type=\"widget\" data-widget_type=\"text-editor.default\">\n\t\t\t\t<div class=\"elementor-widget-container\">\n\t\t\t\t\t\t\t<p style=\"text-align: left;\">Donn\u00e9es de l&rsquo;entit\u00e9 responsable de la collecte et du traitement des donn\u00e9es personnelles:<\/p>\n<p style=\"text-align: left;\"><b>Ormada T\u00eaxteis e Im\u00f3veis Unipessoal, Lda.<br>\nRua da Cabreira, 286B, Apartado 3006 EC Pevid\u00e9m<br>\n4835-310 Guimar\u00e3es<br>\ninfo@ormada.pt<br>\n+351 911 988 777 <small>(Appel vers le r\u00e9seau mobile national)<\/small><\/b><\/p>\n<p style=\"text-align: justify;\">L&rsquo;acc\u00e8s et l&rsquo;utilisation du site www.ormada.pt attribuent au visiteur du site le statut d&rsquo;utilisateur et impliquent l&rsquo;acceptation pleine et enti\u00e8re des conditions d&rsquo;utilisation en vigueur au moment de l&rsquo;utilisation du site.<\/p>\n<p style=\"text-align: justify;\">Ormada T\u00eaxteis e Im\u00f3veis Unipessoal, Lda. s&rsquo;engage \u00e0 garantir la confidentialit\u00e9 de tous ses clients, en gardant leurs donn\u00e9es personnelles confidentielles conform\u00e9ment \u00e0 la l\u00e9gislation applicable (loi sur la protection des donn\u00e9es n\u00b0 67\/98 du 26 octobre) et en garantissant le droit d&rsquo;acc\u00e8s, de rectification et d&rsquo;annulation de toute donn\u00e9e fournie, en personne ou par \u00e9crit.<\/p>\n<p style=\"text-align: justify;\">En tant qu&rsquo;entit\u00e9 responsable de la collecte et du traitement des donn\u00e9es personnelles, Ormada T\u00eaxteis e Im\u00f3veis Unipessoal, Lda. ne fournira que les informations strictement n\u00e9cessaires aux entit\u00e9s dont la collaboration est essentielle \u00e0 la fourniture de son service, notamment les transporteurs et les institutions financi\u00e8res.<\/p>\n<p style=\"text-align: justify;\">Si l&rsquo;utilisateur souhaite modifier, corriger ou supprimer ses donn\u00e9es personnelles, il peut le faire facilement et gratuitement aupr\u00e8s du responsable du traitement des donn\u00e9es sur le site www.ormada.pt, par courrier \u00e9lectronique \u00e0 info@ormada.pt, par t\u00e9l\u00e9phone au +351 911 988 777 <small>(Appel vers le r\u00e9seau mobile national)<\/small> ou par courrier \u00e0 Rua da Cabreira, 286B, Apartado 3006 EC Pevid\u00e9m, 4835-310\u00a0Guimar\u00e3es.<\/p>\n<p style=\"text-align: justify;\">Ormada T\u00eaxteis e Im\u00f3veis Unipessoal, Lda. peut collecter les informations personnelles suivantes aupr\u00e8s des utilisateurs de son site Web via les formulaires correspondants : nom, adresse e-mail, adresse postale, num\u00e9ro de t\u00e9l\u00e9phone, date de naissance, sexe, lorsque l&rsquo;utilisateur visite le site Web www.ormada.pt, s&rsquo;inscrit et passe une commande.<\/p>\n<p style=\"text-align: justify;\">Les donn\u00e9es collect\u00e9es seront utilis\u00e9es pour traiter les demandes de commande, traiter les retours et contacter l&rsquo;utilisateur en cas de probl\u00e8me avec les commandes.<\/p>\n<p style=\"text-align: justify;\">Ormada T\u00eaxteis e Im\u00f3veis Unipessoal, Lda. adoptera toutes les mesures n\u00e9cessaires pour garantir la s\u00e9curit\u00e9 et l&rsquo;int\u00e9grit\u00e9 des donn\u00e9es personnelles des utilisateurs, ainsi que pour emp\u00eacher leur perte, leur alt\u00e9ration et\/ou leur acc\u00e8s par des tiers non autoris\u00e9s.<\/p>\n<p style=\"text-align: justify;\">Ormada T\u00eaxteis e Im\u00f3veis Unipessoal, Lda. ne communiquera pas \u00e0 des tiers les informations relatives aux donn\u00e9es personnelles des utilisateurs, sauf consentement pr\u00e9alable, expr\u00e8s et sans \u00e9quivoque de ces derniers. Cependant, Ormada Textiles et Real Estate Unipessoal, Ltda. peut communiquer les donn\u00e9es personnelles des utilisateurs afin de remplir les contrats conclus et de respecter tous les engagements pris envers les utilisateurs.<\/p>\n<p style=\"text-align: justify;\">Bien qu&rsquo;Ormada T\u00eaxteis e Im\u00f3veis Unipessoal, Lda. collecte et traite les donn\u00e9es de mani\u00e8re s\u00e9curis\u00e9e et emp\u00eache toute perte ou manipulation, en utilisant les techniques les plus avanc\u00e9es \u00e0 cet effet, nous vous informons que la collecte sur un r\u00e9seau ouvert permet la circulation de donn\u00e9es personnelles sans conditions de s\u00e9curit\u00e9, au risque d&rsquo;\u00eatre consult\u00e9es et utilis\u00e9es par des tiers non autoris\u00e9s.<\/p>\n<p style=\"text-align: justify;\">Ormada T\u00eaxteis e Im\u00f3veis Unipessoal, Lda. n&rsquo;est pas responsable des dommages ou pertes r\u00e9sultant d&rsquo;une attaque par d\u00e9ni de service, de virus ou de tout autre programme ou mat\u00e9riel technologiquement nuisible ou pr\u00e9judiciable qui pourrait affecter l&rsquo;ordinateur, l&rsquo;\u00e9quipement informatique, l&rsquo;\u00e9lectronique, les donn\u00e9es ou le mat\u00e9riel de l&rsquo;utilisateur, \u00e0 la suite de l&rsquo;utilisation du site Web www.ormada.pt, ou du t\u00e9l\u00e9chargement de contenu \u00e0 partir de celui-ci ou du contenu vers lequel il redirige.<\/p>\n<p style=\"text-align: justify;\">Tous les \u00e9l\u00e9ments, qu&rsquo;ils soient audio ou visuels, du site www.ormada.pt, y compris la technologie sous-jacente, sont prot\u00e9g\u00e9s par le droit d&rsquo;auteur, des marques ou des brevets.<\/p>\n<p style=\"text-align: justify;\">Tout utilisateur disposant d&rsquo;un site web personnel et souhaitant placer, pour un usage personnel, un lien simple et direct vers la page www.ormada.pt sur son site web doit demander l&rsquo;autorisation pr\u00e9alable \u00e0 la soci\u00e9t\u00e9 Ormada T\u00eaxteis e Im\u00f3veis Unipessoal, Lda. L&rsquo;autorisation n&rsquo;est valable que si elle est donn\u00e9e par \u00e9crit.<\/p>\t\t\t\t\t\t<\/div>\n\t\t\t\t<\/div>\n\t\t\t\t\t<\/div>\n\t\t<\/div>\n\t\t\t\t\t<\/div>\n\t\t<\/section>\n\t\t\t\t<\/div>\n\t\t","protected":false},"excerpt":{"rendered":"<p>Politique de Confidentialit\u00e9 Donn\u00e9es de l&rsquo;entit\u00e9 responsable de la collecte et du traitement des donn\u00e9es personnelles: Ormada T\u00eaxteis e Im\u00f3veis Unipessoal, Lda. Rua da Cabreira, 286B, Apartado 3006 EC Pevid\u00e9m 4835-310 Guimar\u00e3es info@ormada.pt +351 911 988 777 (Appel vers le r\u00e9seau mobile national) L&rsquo;acc\u00e8s et&#8230;<\/p>\n","protected":false},"author":1,"featured_media":0,"parent":0,"menu_order":0,"comment_status":"closed","ping_status":"closed","template":"full_width.php","meta":{"inline_featured_image":false,"footnotes":""},"class_list":["post-12509","page","type-page","status-publish","hentry"],"_links":{"self":[{"href":"https:\/\/ormada.pt\/fr\/wp-json\/wp\/v2\/pages\/12509","targetHints":{"allow":["GET"]}}],"collection":[{"href":"https:\/\/ormada.pt\/fr\/wp-json\/wp\/v2\/pages"}],"about":[{"href":"https:\/\/ormada.pt\/fr\/wp-json\/wp\/v2\/types\/page"}],"author":[{"embeddable":true,"href":"https:\/\/ormada.pt\/fr\/wp-json\/wp\/v2\/users\/1"}],"replies":[{"embeddable":true,"href":"https:\/\/ormada.pt\/fr\/wp-json\/wp\/v2\/comments?post=12509"}],"version-history":[{"count":5,"href":"https:\/\/ormada.pt\/fr\/wp-json\/wp\/v2\/pages\/12509\/revisions"}],"predecessor-version":[{"id":21294,"href":"https:\/\/ormada.pt\/fr\/wp-json\/wp\/v2\/pages\/12509\/revisions\/21294"}],"wp:attachment":[{"href":"https:\/\/ormada.pt\/fr\/wp-json\/wp\/v2\/media?parent=12509"}],"curies":[{"name":"wp","href":"https:\/\/api.w.org\/{rel}","templated":true}]}}